{"id":1686,"date":"2024-07-15T07:40:49","date_gmt":"2024-07-15T07:40:49","guid":{"rendered":"http:\/\/demo.casethemes.net\/insurya\/?page_id=1686"},"modified":"2025-09-21T00:37:03","modified_gmt":"2025-09-21T00:37:03","slug":"about-us","status":"publish","type":"page","link":"https:\/\/asc-amitie.de\/fr\/about-us\/","title":{"rendered":"\u00c0 propos de\u00a0nous"},"content":{"rendered":"<div data-elementor-type=\"wp-page\" data-elementor-id=\"1686\" class=\"elementor elementor-1686\" data-elementor-post-type=\"page\">\n\t\t\t\t        <section class=\"elementor-section elementor-top-section elementor-element elementor-element-07e8b56 elementor-section-stretched elementor-section-boxed elementor-section-height-default elementor-section-height-default pxl-row-scroll-none pxl-particle-background-none pxl-bg-color-none pxl-section-overlay-none pxl-column-overflow-hidden-no\" data-id=\"07e8b56\" data-element_type=\"section\" data-settings=\"{&quot;stretch_section&quot;:&quot;section-stretched&quot;}\">\n\n                \n                <div class=\"elementor-container elementor-column-gap-extended\">\n                <div class=\"elementor-column elementor-col-50 elementor-top-column elementor-element elementor-element-844460f pxl-column-none pxl-section-offset-none\" data-id=\"844460f\" data-element_type=\"column\">\r\n        <div class=\"elementor-widget-wrap elementor-element-populated\">\r\n                     \r\n                            \t\t<div class=\"elementor-element elementor-element-704eab7 elementor-widget elementor-widget-pxl_heading\" data-id=\"704eab7\" data-element_type=\"widget\" data-widget_type=\"pxl_heading.default\">\n\t\t\t\t<div class=\"elementor-widget-container\">\n\t\t\t\t\t\n<div id=\"pxl-pxl_heading-704eab7-6819\" class=\"pxl-heading px-sub-title-default-style\">\n\t<div class=\"pxl-heading--inner\">\n\t\t\t\t\t<div class=\"pxl-item--subtitle px-sub-title-default\" data-wow-delay=\"ms\">\n\t\t\t\t\t\t\t\t<span class=\"pxl-item--subtext\">\n\t\t\t\t\t\t\t\t\t\t\t\n\t\t\t\t\t\t\t\t\t\t\t\t\t\t\t\t\u00c0 propos de nous\t\t\t\t\t\t\t\t\t\t\t\n\t\t\t\t<\/span>\n\t\t\t<\/div>\n\t\t\n\t\t<h4 class=\"pxl-item--title divider-none\" data-wow-delay=\"ms\">\n\t\t\t\t\tAsc Amitie e.V. \u2013 l'association \u00e0 but non lucratif bas\u00e9e \u00e0 Essen, en Allemagne Asc-Amitie est n\u00e9e de l'id\u00e9e d'aider les personnes dans le besoin.\n<br>\n<br>\nDepuis notre cr\u00e9ation, notre objectif est d'apporter notre aide l\u00e0 o\u00f9 les besoins sont les plus grands.\t\n\t\t\t\n\t\t<\/h4>\n\n\t<\/div>\n<\/div>\t\t\t\t<\/div>\n\t\t\t\t<\/div>\n\t\t            <\/div>\r\n        <\/div>\r\n                <div class=\"elementor-column elementor-col-50 elementor-top-column elementor-element elementor-element-fafc233 pxl-column-none pxl-section-offset-none\" data-id=\"fafc233\" data-element_type=\"column\">\r\n        <div class=\"elementor-widget-wrap elementor-element-populated\">\r\n                     \r\n        \t\t<div class=\"elementor-element elementor-element-f203304 elementor-widget elementor-widget-pxl_text_editor\" data-id=\"f203304\" data-element_type=\"widget\" data-widget_type=\"pxl_text_editor.default\">\n\t\t\t\t<div class=\"elementor-widget-container\">\n\t\t\t\t\t<div class=\"pxl-text-editor\">\n\t<div class=\"pxl-item--inner\" data-wow-delay=\"ms\">\n\t\t<p>L'\u00ab ASC-Amitie e.V. \u00bb est une association \u00e0 but non lucratif bas\u00e9e \u00e0 Essen. Depuis sa cr\u00e9ation en 2010, elle n'a cess\u00e9 de cro\u00eetre. Elle compte aujourd'hui plus de 40 membres, dont 20 membres actifs. Nos diff\u00e9rents projets profitent en premier lieu \u00e0 nos concitoyens d'origine \u00e9trang\u00e8re, mais aussi \u00e0 la ville et \u00e0 l'ensemble de la population d'Essen.<\/p>\t\t\n\t<\/div>\n<\/div>\t\t\t\t<\/div>\n\t\t\t\t<\/div>\n\t\t            <\/div>\r\n        <\/div>\r\n        \t\t\t<\/div>\n\t\t<\/section>\n\t\t        <section class=\"elementor-section elementor-top-section elementor-element elementor-element-4386b8e elementor-section-stretched elementor-section-boxed elementor-section-height-default elementor-section-height-default pxl-row-scroll-none pxl-particle-background-none pxl-bg-color-none pxl-section-overlay-none pxl-column-overflow-hidden-no\" data-id=\"4386b8e\" data-element_type=\"section\" data-settings=\"{&quot;stretch_section&quot;:&quot;section-stretched&quot;}\">\n\n                \n                <div class=\"elementor-container elementor-column-gap-extended\">\n                <div class=\"elementor-column elementor-col-50 elementor-top-column elementor-element elementor-element-b5e2b60 pxl-column-none pxl-section-offset-none\" data-id=\"b5e2b60\" data-element_type=\"column\">\r\n        <div class=\"elementor-widget-wrap elementor-element-populated\">\r\n                     \r\n        \t\t<div class=\"elementor-element elementor-element-5a8ce59 elementor-widget elementor-widget-pxl_heading\" data-id=\"5a8ce59\" data-element_type=\"widget\" data-widget_type=\"pxl_heading.default\">\n\t\t\t\t<div class=\"elementor-widget-container\">\n\t\t\t\t\t\n<div id=\"pxl-pxl_heading-5a8ce59-9689\" class=\"pxl-heading px-sub-title-default-style\">\n\t<div class=\"pxl-heading--inner\">\n\t\t\t\t\t<div class=\"pxl-item--subtitle px-sub-title-default\" data-wow-delay=\"ms\">\n\t\t\t\t\t\t\t\t<span class=\"pxl-item--subtext\">\n\t\t\t\t\t\t\t\t\t\t\t\n\t\t\t\t\t\t\t\t\t\t\t\t\t\t\t\tDEVENIR MEMBRE \t\t\t\t\t\t\t\t\t\t\t\n\t\t\t\t<\/span>\n\t\t\t<\/div>\n\t\t\n\t\t<h4 class=\"pxl-item--title divider-none\" data-wow-delay=\"ms\">\n\t\t\t\t\tAdh\u00e9sion \t\n\t\t\t\n\t\t<\/h4>\n\n\t<\/div>\n<\/div>\t\t\t\t<\/div>\n\t\t\t\t<\/div>\n\t\t\t\t<div class=\"elementor-element elementor-element-e37becd elementor-widget elementor-widget-pxl_button\" data-id=\"e37becd\" data-element_type=\"widget\" data-widget_type=\"pxl_button.default\">\n\t\t\t\t<div class=\"elementor-widget-container\">\n\t\t\t\t\t<div id=\"pxl-pxl_button-e37becd-8125\" class=\"pxl-button pxl-atc-link\">\r\n            <a href=\"https:\/\/asc-amitie.de\/wp-content\/uploads\/2025\/01\/AdhesionASC.Amitie.pdf\" data-hover=\" Fomular Herunterladen\" class=\"btn pxl-icon-active btn-primary  pxl-icon--left\" data-wow-delay=\"ms\">\r\n            <span class=\"button-arrow-hover\">\r\n                <i aria-hidden=\"true\" class=\"fas fa-file-download\"><\/i><div><i aria-hidden=\"true\" class=\"fas fa-file-download\"><\/i><\/div>      <\/span>\r\n      <span class=\"pxl--btn-text pxl-wobble\" data-animation=\"pxl-jump\">\r\n        <span>&nbsp;<\/span><span>T<\/span><span>\u00e9l<\/span><span>\u00e9ch<\/span><span>a<\/span><span>r<\/span><span>g<\/span><span>e<\/span><span>&nbsp;<\/span><span>r<\/span><span>l<\/span><span>e<\/span><span>a<\/span><span>e<\/span><span>t<\/span><span>l<\/span><span>e<\/span><span>r<\/span><span>g<\/span><span>f<\/span><span>l<\/span><span>e<\/span>    <\/span>\r\n     \r\n<\/a>\r\n<\/div>\t\t\t\t<\/div>\n\t\t\t\t<\/div>\n\t\t            <\/div>\r\n        <\/div>\r\n                <div class=\"elementor-column elementor-col-50 elementor-top-column elementor-element elementor-element-4b51f11 pxl-column-none pxl-section-offset-none\" data-id=\"4b51f11\" data-element_type=\"column\">\r\n        <div class=\"elementor-widget-wrap elementor-element-populated\">\r\n                     \r\n        \t\t<div class=\"elementor-element elementor-element-6d8d7e7 elementor-widget elementor-widget-pxl_heading\" data-id=\"6d8d7e7\" data-element_type=\"widget\" data-widget_type=\"pxl_heading.default\">\n\t\t\t\t<div class=\"elementor-widget-container\">\n\t\t\t\t\t\n<div id=\"pxl-pxl_heading-6d8d7e7-2888\" class=\"pxl-heading px-sub-title-default-style\">\n\t<div class=\"pxl-heading--inner\">\n\t\t\t\t\t<div class=\"pxl-item--subtitle px-sub-title-default\" data-wow-delay=\"ms\">\n\t\t\t\t\t\t\t\t<span class=\"pxl-item--subtext\">\n\t\t\t\t\t\t\t\t\t\t\t\n\t\t\t\t\t\t\t\t\t\t\t\t\t\t\t\tDEVENIR MEMBRE \t\t\t\t\t\t\t\t\t\t\t\n\t\t\t\t<\/span>\n\t\t\t<\/div>\n\t\t\n\t\t<h4 class=\"pxl-item--title divider-none\" data-wow-delay=\"ms\">\n\t\t\t\t\tStatuts\t\n\t\t\t\n\t\t<\/h4>\n\n\t<\/div>\n<\/div>\t\t\t\t<\/div>\n\t\t\t\t<\/div>\n\t\t\t\t<div class=\"elementor-element elementor-element-11a1876 elementor-widget elementor-widget-pxl_button\" data-id=\"11a1876\" data-element_type=\"widget\" data-widget_type=\"pxl_button.default\">\n\t\t\t\t<div class=\"elementor-widget-container\">\n\t\t\t\t\t<div id=\"pxl-pxl_button-11a1876-9703\" class=\"pxl-button pxl-atc-link\">\r\n            <a href=\"https:\/\/asc-amitie.de\/wp-content\/uploads\/2025\/09\/Satzung_ASC-Amitie-2022.pdf\" data-hover=\"Satzung Herunterladen\" class=\"btn pxl-icon-active btn-primary  pxl-icon--left\" data-wow-delay=\"ms\">\r\n            <span class=\"button-arrow-hover\">\r\n                <i aria-hidden=\"true\" class=\"fas fa-file-download\"><\/i><div><i aria-hidden=\"true\" class=\"fas fa-file-download\"><\/i><\/div>      <\/span>\r\n      <span class=\"pxl--btn-text pxl-wobble\" data-animation=\"pxl-jump\">\r\n        <span>or<\/span><span>g<\/span><span>t<\/span><span>m<\/span><span>a<\/span><span>e<\/span><span>laire<\/span><span>&nbsp;<\/span><span>r<\/span><span>l<\/span><span>e<\/span><span>a<\/span><span>e<\/span><span>t<\/span><span>l<\/span><span>e<\/span><span>r<\/span><span>g<\/span><span>f<\/span><span>l<\/span><span>e<\/span>    <\/span>\r\n     \r\n<\/a>\r\n<\/div>\t\t\t\t<\/div>\n\t\t\t\t<\/div>\n\t\t            <\/div>\r\n        <\/div>\r\n        \t\t\t<\/div>\n\t\t<\/section>\n\t\t        <section class=\"elementor-section elementor-top-section elementor-element elementor-element-f8a3e56 elementor-section-boxed elementor-section-height-default elementor-section-height-default pxl-row-scroll-none pxl-particle-background-none pxl-bg-color-none pxl-section-overlay-none pxl-column-overflow-hidden-no\" data-id=\"f8a3e56\" data-element_type=\"section\">\n\n                \n                <div class=\"elementor-container elementor-column-gap-default\">\n                <div class=\"elementor-column elementor-col-100 elementor-top-column elementor-element elementor-element-892cabf pxl-column-none pxl-section-offset-none\" data-id=\"892cabf\" data-element_type=\"column\">\r\n        <div class=\"elementor-widget-wrap\">\r\n                     \r\n                    <\/div>\r\n        <\/div>\r\n        \t\t\t<\/div>\n\t\t<\/section>\n\t\t\t\t<\/div>","protected":false},"excerpt":{"rendered":"<p>Uber Uns Asc Amitie e.V. &#8211; dem gemeinn\u00fctzigen Verein in Essen &#8211; Deutschland Asc-Amitie entstand aus der Idee heraus, f\u00fcr hilfsbed\u00fcrftige Menschen da zu sein. Seit unserer Gr\u00fcndung verfolgen wir das Ziel, an den Stellen zu helfen, an denen die Not am gr\u00f6\u00dften ist. Der \u201eASC-Amitie e.V.\u201c ist ein gemeinn\u00fctziger Verein in Essen. Seit der [&hellip;]<\/p>","protected":false},"author":1,"featured_media":0,"parent":0,"menu_order":0,"comment_status":"closed","ping_status":"closed","template":"elementor_theme","meta":{"footnotes":""},"class_list":["post-1686","page","type-page","status-publish","hentry"],"_links":{"self":[{"href":"https:\/\/asc-amitie.de\/fr\/wp-json\/wp\/v2\/pages\/1686","targetHints":{"allow":["GET"]}}],"collection":[{"href":"https:\/\/asc-amitie.de\/fr\/wp-json\/wp\/v2\/pages"}],"about":[{"href":"https:\/\/asc-amitie.de\/fr\/wp-json\/wp\/v2\/types\/page"}],"author":[{"embeddable":true,"href":"https:\/\/asc-amitie.de\/fr\/wp-json\/wp\/v2\/users\/1"}],"replies":[{"embeddable":true,"href":"https:\/\/asc-amitie.de\/fr\/wp-json\/wp\/v2\/comments?post=1686"}],"version-history":[{"count":20,"href":"https:\/\/asc-amitie.de\/fr\/wp-json\/wp\/v2\/pages\/1686\/revisions"}],"predecessor-version":[{"id":9070,"href":"https:\/\/asc-amitie.de\/fr\/wp-json\/wp\/v2\/pages\/1686\/revisions\/9070"}],"wp:attachment":[{"href":"https:\/\/asc-amitie.de\/fr\/wp-json\/wp\/v2\/media?parent=1686"}],"curies":[{"name":"wp","href":"https:\/\/api.w.org\/{rel}","templated":true}]}}