{"id":7124,"date":"2024-10-03T02:05:14","date_gmt":"2024-10-03T02:05:14","guid":{"rendered":"http:\/\/demo.casethemes.net\/insurya\/?page_id=7124"},"modified":"2025-09-21T00:52:24","modified_gmt":"2025-09-21T00:52:24","slug":"home-1","status":"publish","type":"page","link":"https:\/\/asc-amitie.de\/fr","title":{"rendered":"Accueil"},"content":{"rendered":"<div data-elementor-type=\"wp-page\" data-elementor-id=\"7124\" class=\"elementor elementor-7124\" data-elementor-post-type=\"page\">\n\t\t\t\t        <section class=\"elementor-section elementor-top-section elementor-element elementor-element-244b7c6 elementor-section-full_width elementor-section-height-default elementor-section-height-default pxl-row-scroll-none pxl-full-content-with-space-none pxl-particle-background-none pxl-bg-color-none pxl-section-overlay-none pxl-column-overflow-hidden-no\" data-id=\"244b7c6\" data-element_type=\"section\">\n\n                \n                <div class=\"elementor-container elementor-column-gap-no\">\n                <div class=\"elementor-column elementor-col-100 elementor-top-column elementor-element elementor-element-c1dda50 pxl-column-none pxl-section-offset-none\" data-id=\"c1dda50\" data-element_type=\"column\">\r\n        <div class=\"elementor-widget-wrap elementor-element-populated\">\r\n                     \r\n                            \t\t<div class=\"elementor-element elementor-element-d5abf86 elementor-widget elementor-widget-pxl_slider\" data-id=\"d5abf86\" data-element_type=\"widget\" data-widget_type=\"pxl_slider.default\">\n\t\t\t\t<div class=\"elementor-widget-container\">\n\t\t\t\t\t    <div class=\"pxl-swiper-sliders pxl-element-slider pxl-swiper-nogap style-1\" data-slider-mode=\"fade\">\n        <div class=\"pxl-carousel-inner\">\n            <div class=\"pxl-swiper-container\" dir=\"ltr\" data-settings=\"{&quot;slide_direction&quot;:&quot;horizontal&quot;,&quot;slide_percolumn&quot;:&quot;1&quot;,&quot;slide_mode&quot;:&quot;fade&quot;,&quot;slides_to_show&quot;:&quot;1&quot;,&quot;slides_to_show_xxl&quot;:&quot;1&quot;,&quot;slides_to_show_lg&quot;:&quot;1&quot;,&quot;slides_to_show_md&quot;:&quot;1&quot;,&quot;slides_to_show_sm&quot;:&quot;1&quot;,&quot;slides_to_show_xs&quot;:&quot;1&quot;,&quot;slides_to_scroll&quot;:&quot;1&quot;,&quot;arrow&quot;:&quot;false&quot;,&quot;pagination&quot;:&quot;false&quot;,&quot;pagination_type&quot;:&quot;bullets&quot;,&quot;autoplay&quot;:&quot;true&quot;,&quot;pause_on_hover&quot;:&quot;&quot;,&quot;pause_on_interaction&quot;:&quot;true&quot;,&quot;delay&quot;:5000,&quot;loop&quot;:&quot;true&quot;,&quot;speed&quot;:1200}\">\n                <div class=\"pxl-swiper-wrapper\">\n                                                <div class=\"pxl-swiper-slide\">\n                                <div class=\"pxl-slider--inner elementor-repeater-item-cce9122\">\n                                                                            <div class=\"pxl-slider--mainimage\">\n                                            <div class=\"pxl-slider--image bg-image\" style=\"background-image: url(https:\/\/asc-amitie.de\/wp-content\/uploads\/2024\/10\/home01-002.webp);\"><\/div>\n                                        <\/div>\n                                    \n                                                                            <div class=\"pxl-slider--overlay elementor-repeater-item-cce9122\" style=\"background-image: url(https:\/\/asc-amitie.de\/wp-content\/uploads\/2024\/09\/home1-001.webp);\">\n                                        <\/div>\n                                    \n                                    <div class=\"pxl-slider--content\">\n                                        \t\t<div data-elementor-type=\"wp-post\" data-elementor-id=\"7299\" class=\"elementor elementor-7299\" data-elementor-post-type=\"pxl-template\">\n\t\t\t\t        <section class=\"elementor-section elementor-top-section elementor-element elementor-element-20dbc06 elementor-section-boxed elementor-section-height-default elementor-section-height-default pxl-row-scroll-none pxl-particle-background-none pxl-bg-color-none pxl-section-overlay-none pxl-column-overflow-hidden-no\" data-id=\"20dbc06\" data-element_type=\"section\">\n\n                \n                <div class=\"elementor-container elementor-column-gap-extended\">\n                <div class=\"elementor-column elementor-col-50 elementor-top-column elementor-element elementor-element-f983b70 pxl-column-none pxl-section-offset-none\" data-id=\"f983b70\" data-element_type=\"column\">\r\n        <div class=\"elementor-widget-wrap elementor-element-populated\">\r\n                     \r\n        \t\t<div class=\"elementor-element elementor-element-5ee5090 elementor-widget elementor-widget-pxl_heading\" data-id=\"5ee5090\" data-element_type=\"widget\" data-widget_type=\"pxl_heading.default\">\n\t\t\t\t<div class=\"elementor-widget-container\">\n\t\t\t\t\t\n<div id=\"pxl-pxl_heading-5ee5090-8090\" class=\"pxl-heading px-sub-title-default-style\">\n\t<div class=\"pxl-heading--inner\">\n\t\t\n\t\t<h3 class=\"pxl-item--title divider-none  wow PXLfadeInUp\" data-wow-delay=\"200ms\">\n\t\t\t\t\tBienvenue chez Asc Amitie e.V. \u2013 l'association \u00e0 but non lucratif situ\u00e9e \u00e0 Essen, en Allemagne.\n\t\n\t\t\t\n\t\t<\/h3>\n\n\t<\/div>\n<\/div>\t\t\t\t<\/div>\n\t\t\t\t<\/div>\n\t\t            <\/div>\r\n        <\/div>\r\n                <div class=\"elementor-column elementor-col-50 elementor-top-column elementor-element elementor-element-95d4176 elementor-hidden-mobile_extra elementor-hidden-mobile pxl-column-none pxl-section-offset-none\" data-id=\"95d4176\" data-element_type=\"column\">\r\n        <div class=\"elementor-widget-wrap elementor-element-populated\">\r\n                     \r\n        \t\t<div class=\"elementor-element elementor-element-98cc308 elementor--h-position-center elementor--v-position-middle elementor-arrows-position-inside elementor-pagination-position-inside elementor-widget elementor-widget-slides\" data-id=\"98cc308\" data-element_type=\"widget\" data-settings=\"{&quot;navigation&quot;:&quot;both&quot;,&quot;autoplay&quot;:&quot;yes&quot;,&quot;pause_on_hover&quot;:&quot;yes&quot;,&quot;pause_on_interaction&quot;:&quot;yes&quot;,&quot;autoplay_speed&quot;:5000,&quot;infinite&quot;:&quot;yes&quot;,&quot;transition&quot;:&quot;slide&quot;,&quot;transition_speed&quot;:500}\" data-widget_type=\"slides.default\">\n\t\t\t\t<div class=\"elementor-widget-container\">\n\t\t\t\t\t\t\t\t\t<div class=\"elementor-swiper\">\n\t\t\t\t\t<div class=\"elementor-slides-wrapper elementor-main-swiper swiper\" role=\"region\" aria-roledescription=\"carousel\" aria-label=\"Slides\" dir=\"ltr\" data-animation=\"fadeInUp\" data-no-translation-aria-label=\"\">\n\t\t\t\t<div class=\"swiper-wrapper elementor-slides\">\n\t\t\t\t\t\t\t\t\t\t<div class=\"elementor-repeater-item-bbeee1b swiper-slide\" role=\"group\" aria-roledescription=\"slide\"><div class=\"swiper-slide-bg elementor-ken-burns elementor-ken-burns--in\" role=\"img\"><\/div><div class=\"elementor-background-overlay\"><\/div><div class=\"swiper-slide-inner\" ><div class=\"swiper-slide-contents\"><\/div><\/div><\/div><div class=\"elementor-repeater-item-7935c8b swiper-slide\" role=\"group\" aria-roledescription=\"slide\"><div class=\"swiper-slide-bg\" role=\"img\"><\/div><div class=\"elementor-background-overlay\"><\/div><div class=\"swiper-slide-inner\" ><div class=\"swiper-slide-contents\"><\/div><\/div><\/div><div class=\"elementor-repeater-item-3c7d05f swiper-slide\" role=\"group\" aria-roledescription=\"slide\"><div class=\"swiper-slide-bg elementor-ken-burns elementor-ken-burns--in\" role=\"img\"><\/div><div class=\"elementor-background-overlay\"><\/div><div class=\"swiper-slide-inner\" ><div class=\"swiper-slide-contents\"><\/div><\/div><\/div>\t\t\t\t<\/div>\n\t\t\t\t\t\t\t\t\t\t\t\t\t\t\t<div class=\"elementor-swiper-button elementor-swiper-button-prev\" role=\"button\" tabindex=\"0\" aria-label=\"Previous slide\" data-no-translation-aria-label=\"\">\n\t\t\t\t\t\t\t<i aria-hidden=\"true\" class=\"eicon-chevron-left\"><\/i>\t\t\t\t\t\t<\/div>\n\t\t\t\t\t\t<div class=\"elementor-swiper-button elementor-swiper-button-next\" role=\"button\" tabindex=\"0\" aria-label=\"Next slide\" data-no-translation-aria-label=\"\">\n\t\t\t\t\t\t\t<i aria-hidden=\"true\" class=\"eicon-chevron-right\"><\/i>\t\t\t\t\t\t<\/div>\n\t\t\t\t\t\t\t\t\t\t\t\t\t\t\t\t<div class=\"swiper-pagination\"><\/div>\n\t\t\t\t\t\t\t\t\t\t\t\t<\/div>\n\t\t\t\t<\/div>\n\t\t\t\t\t\t\t\t<\/div>\n\t\t\t\t<\/div>\n\t\t            <\/div>\r\n        <\/div>\r\n        \t\t\t<\/div>\n\t\t<\/section>\n\t\t\t\t<\/div>\n\t\t                                    <\/div>\n                                <\/div>\n                            <\/div>\n                                                            <\/div>\n            <\/div>\n        <\/div>\n\n                    <div class=\"pxl-slider-progressbar\"><\/div>\n        \n        <div class=\"pxl-swiper-footer\">\n            <div class=\"pxl-swiper-wrap\">\n                                        <\/div>\n\n        \n            <\/div>\n\n<\/div>\n\t\t\t\t<\/div>\n\t\t\t\t<\/div>\n\t\t            <\/div>\r\n        <\/div>\r\n        \t\t\t<\/div>\n\t\t<\/section>\n\t\t        <section class=\"elementor-section elementor-top-section elementor-element elementor-element-fa0fe79 elementor-section-stretched elementor-section-boxed elementor-section-height-default elementor-section-height-default pxl-row-scroll-none pxl-particle-background-none pxl-bg-color-none pxl-section-overlay-none pxl-column-overflow-hidden-no\" data-id=\"fa0fe79\" data-element_type=\"section\" data-settings=\"{&quot;stretch_section&quot;:&quot;section-stretched&quot;,&quot;background_background&quot;:&quot;classic&quot;}\">\n\n                \n        <div id=\"pxl-row-particles-69f1bb874f82a\" class=\"pxl-row-particles\" data-number=\"4\" data-size=\"3\" data-size-random=\"false\" data-move-direction=\"none\" data-color=\"[&quot;#b73490&quot;,&quot;#006b41&quot;,&quot;#cd3000&quot;,&quot;#608ecb&quot;,&quot;#ffb500&quot;,&quot;#6e4e00&quot;,&quot;#6b541b&quot;,&quot;#305686&quot;,&quot;#00ffb4&quot;,&quot;#8798ff&quot;,&quot;#0044c1&quot;]\"><\/div><div class=\"pxl-section-effect-images\"><img decoding=\"async\" data-parallax-value=\"\" data-parallax=\"[]\" class=\"pxl-item--image elementor-repeater-item-d9bb26e slide-left-to-right pxl-hide-sr-lg pxl-hide-sr-md pxl-hide-sr-sm\" src=\"https:\/\/asc-amitie.de\/wp-content\/uploads\/2024\/07\/about-shape2.webp\" \/><img decoding=\"async\" data-parallax-value=\"\" data-parallax=\"[]\" class=\"pxl-item--image elementor-repeater-item-a484916  pxl-hide-sr-lg pxl-hide-sr-md pxl-hide-sr-sm\" src=\"https:\/\/asc-amitie.de\/wp-content\/uploads\/2024\/07\/about-shape1.webp\" \/><img decoding=\"async\" data-parallax-value=\"\" data-parallax=\"[]\" class=\"pxl-item--image elementor-repeater-item-776cb87 slide-right-to-left  pxl-hide-sr-md pxl-hide-sr-sm\" src=\"https:\/\/asc-amitie.de\/wp-content\/uploads\/2024\/07\/about-shape3.webp\" \/><img decoding=\"async\" data-parallax-value=\"\" data-parallax=\"[]\" class=\"pxl-item--image elementor-repeater-item-374e320   pxl-hide-sr-md pxl-hide-sr-sm\" src=\"https:\/\/asc-amitie.de\/wp-content\/uploads\/2024\/07\/about-shape5.webp\" \/><img decoding=\"async\" data-parallax-value=\"\" data-parallax=\"[]\" class=\"pxl-item--image elementor-repeater-item-d482874   pxl-hide-sr-md pxl-hide-sr-sm\" src=\"https:\/\/asc-amitie.de\/wp-content\/uploads\/2024\/07\/about-shape4.webp\" \/><\/div>        <div class=\"elementor-container elementor-column-gap-extended\">\n                <div class=\"elementor-column elementor-col-50 elementor-top-column elementor-element elementor-element-b92d820 pxl-column-none pxl-section-offset-none\" data-id=\"b92d820\" data-element_type=\"column\">\r\n        <div class=\"elementor-widget-wrap elementor-element-populated\">\r\n                     \r\n        \t\t<div class=\"elementor-element elementor-element-5d41243 elementor-widget elementor-widget-pxl_heading\" data-id=\"5d41243\" data-element_type=\"widget\" data-widget_type=\"pxl_heading.default\">\n\t\t\t\t<div class=\"elementor-widget-container\">\n\t\t\t\t\t\n<div id=\"pxl-pxl_heading-5d41243-2584\" class=\"pxl-heading px-sub-title-default-style\">\n\t<div class=\"pxl-heading--inner\">\n\t\t\t\t\t<div class=\"pxl-item--subtitle px-sub-title-default\" data-wow-delay=\"ms\">\n\t\t\t\t\t\t\t\t<span class=\"pxl-item--subtext\">\n\t\t\t\t\t\t\t\t\t\t\t\n\t\t\t\t\t\t\t\t\t\t\t\t\t\t\t\t\u00c0 propos de\u00a0nous \t\t\t\t\t\t\t\t\t\t\t\n\t\t\t\t<\/span>\n\t\t\t<\/div>\n\t\t\n\t\t<h4 class=\"pxl-item--title divider-none  wow skewIn\" data-wow-delay=\"ms\">\n\t\t\t\t\tAsc-Amitie est n\u00e9 de l'id\u00e9e d'\u00eatre l\u00e0 pour les personnes dans le besoin.\n<br>\n<br>\nDepuis notre cr\u00e9ation, notre objectif est d'apporter notre aide l\u00e0 o\u00f9 les besoins sont les plus grands.\t\n\t\t\t\n\t\t<\/h4>\n\n\t<\/div>\n<\/div>\t\t\t\t<\/div>\n\t\t\t\t<\/div>\n\t\t\t\t<div class=\"elementor-element elementor-element-3a861fb elementor-widget elementor-widget-pxl_text_editor\" data-id=\"3a861fb\" data-element_type=\"widget\" data-widget_type=\"pxl_text_editor.default\">\n\t\t\t\t<div class=\"elementor-widget-container\">\n\t\t\t\t\t<div class=\"pxl-text-editor\">\n\t<div class=\"pxl-item--inner\" data-wow-delay=\"ms\">\n\t\t<p>L'\u00ab ASC-Amitie e.V. \u00bb est une association \u00e0 but non lucratif bas\u00e9e \u00e0 Essen. Depuis sa cr\u00e9ation en 2010, elle n'a cess\u00e9 de cro\u00eetre. Elle compte aujourd'hui plus de 40 membres, dont 20 membres actifs. Nos diff\u00e9rents projets profitent en premier lieu \u00e0 nos concitoyens d'origine \u00e9trang\u00e8re, mais aussi \u00e0 la ville et \u00e0 l'ensemble de la population d'Essen.<\/p>\t\t\n\t<\/div>\n<\/div>\t\t\t\t<\/div>\n\t\t\t\t<\/div>\n\t\t            <\/div>\r\n        <\/div>\r\n                <div class=\"elementor-column elementor-col-50 elementor-top-column elementor-element elementor-element-6e04cb3 pxl-column-none pxl-section-offset-none\" data-id=\"6e04cb3\" data-element_type=\"column\">\r\n        <div class=\"elementor-widget-wrap elementor-element-populated\">\r\n                     \r\n        \t\t<div class=\"elementor-element elementor-element-0e9f6cc elementor-widget elementor-widget-pxl_image\" data-id=\"0e9f6cc\" data-element_type=\"widget\" data-widget_type=\"pxl_image.default\">\n\t\t\t\t<div class=\"elementor-widget-container\">\n\t\t\t\t\t<div id=\"pxl_image-0e9f6cc-5140\" class=\"pxl-image-single  style-default\" data-wow-delay=\"ms\" >\r\n    <div class=\"pxl-item--inner\" data-wow-delay=\"120ms\" >\r\n        \r\n                                <div class=\"pxl-item--image\">\r\n                                                    <img fetchpriority=\"high\" decoding=\"async\" width=\"600\" height=\"400\" src=\"https:\/\/asc-amitie.de\/wp-content\/uploads\/2024\/10\/IMG-20241025-WA0030.jpg\" class=\"no-lazyload attachment-full\" alt=\"\" \/>                                            <\/div>\r\n                            \r\n            <\/div>\r\n<\/div>\t\t\t\t<\/div>\n\t\t\t\t<\/div>\n\t\t            <\/div>\r\n        <\/div>\r\n        \t\t\t<\/div>\n\t\t<\/section>\n\t\t\t\t<\/div>","protected":false},"excerpt":{"rendered":"<p>Herzlich Willkommen beim Asc Amitie e.V. &#8211; dem gemeinn\u00fctzigen Verein in Essen &#8211; Deutschland \u00dcber Uns Asc-Amitie entstand aus der Idee heraus, f\u00fcr hilfsbed\u00fcrftige Menschen da zu sein. Seit unserer Gr\u00fcndung verfolgen wir das Ziel, an den Stellen zu helfen, an denen die Not am gr\u00f6\u00dften ist. Der \u201eASC-Amitie e.V.\u201c ist ein gemeinn\u00fctziger Verein in [&hellip;]<\/p>","protected":false},"author":1,"featured_media":0,"parent":0,"menu_order":0,"comment_status":"closed","ping_status":"closed","template":"","meta":{"footnotes":""},"class_list":["post-7124","page","type-page","status-publish","hentry"],"_links":{"self":[{"href":"https:\/\/asc-amitie.de\/fr\/wp-json\/wp\/v2\/pages\/7124","targetHints":{"allow":["GET"]}}],"collection":[{"href":"https:\/\/asc-amitie.de\/fr\/wp-json\/wp\/v2\/pages"}],"about":[{"href":"https:\/\/asc-amitie.de\/fr\/wp-json\/wp\/v2\/types\/page"}],"author":[{"embeddable":true,"href":"https:\/\/asc-amitie.de\/fr\/wp-json\/wp\/v2\/users\/1"}],"replies":[{"embeddable":true,"href":"https:\/\/asc-amitie.de\/fr\/wp-json\/wp\/v2\/comments?post=7124"}],"version-history":[{"count":34,"href":"https:\/\/asc-amitie.de\/fr\/wp-json\/wp\/v2\/pages\/7124\/revisions"}],"predecessor-version":[{"id":9075,"href":"https:\/\/asc-amitie.de\/fr\/wp-json\/wp\/v2\/pages\/7124\/revisions\/9075"}],"wp:attachment":[{"href":"https:\/\/asc-amitie.de\/fr\/wp-json\/wp\/v2\/media?parent=7124"}],"curies":[{"name":"wp","href":"https:\/\/api.w.org\/{rel}","templated":true}]}}