{"id":8962,"date":"2025-01-10T18:11:13","date_gmt":"2025-01-10T18:11:13","guid":{"rendered":"https:\/\/asc-amitie.de\/?page_id=8962"},"modified":"2025-01-10T18:15:23","modified_gmt":"2025-01-10T18:15:23","slug":"rechtliches","status":"publish","type":"page","link":"https:\/\/asc-amitie.de\/fr\/rechtliches\/","title":{"rendered":"Mentions l\u00e9gales"},"content":{"rendered":"<div data-elementor-type=\"wp-page\" data-elementor-id=\"8962\" class=\"elementor elementor-8962\" data-elementor-post-type=\"page\">\n\t\t\t\t        <section class=\"elementor-section elementor-top-section elementor-element elementor-element-07e8b56 elementor-section-stretched elementor-section-boxed elementor-section-height-default elementor-section-height-default pxl-row-scroll-none pxl-particle-background-none pxl-bg-color-none pxl-section-overlay-none pxl-column-overflow-hidden-no\" data-id=\"07e8b56\" data-element_type=\"section\" data-settings=\"{&quot;stretch_section&quot;:&quot;section-stretched&quot;}\">\n\n                \n                <div class=\"elementor-container elementor-column-gap-extended\">\n                <div class=\"elementor-column elementor-col-50 elementor-top-column elementor-element elementor-element-844460f pxl-column-none pxl-section-offset-none\" data-id=\"844460f\" data-element_type=\"column\">\r\n        <div class=\"elementor-widget-wrap elementor-element-populated\">\r\n                     \r\n                            \t\t<div class=\"elementor-element elementor-element-704eab7 elementor-widget elementor-widget-pxl_heading\" data-id=\"704eab7\" data-element_type=\"widget\" data-widget_type=\"pxl_heading.default\">\n\t\t\t\t<div class=\"elementor-widget-container\">\n\t\t\t\t\t\n<div id=\"pxl-pxl_heading-704eab7-7550\" class=\"pxl-heading px-sub-title-default-style\">\n\t<div class=\"pxl-heading--inner\">\n\t\t\n\t\t<h4 class=\"pxl-item--title divider-none\" data-wow-delay=\"ms\">\n\t\t\t\t\tSport- und Kulturverein e.V. <br>\nGesetzliche Anbieterkennung:\n\t\n\t\t\t\n\t\t<\/h4>\n\n\t<\/div>\n<\/div>\t\t\t\t<\/div>\n\t\t\t\t<\/div>\n\t\t\t\t<div class=\"elementor-element elementor-element-f203304 elementor-widget elementor-widget-pxl_text_editor\" data-id=\"f203304\" data-element_type=\"widget\" data-widget_type=\"pxl_text_editor.default\">\n\t\t\t\t<div class=\"elementor-widget-container\">\n\t\t\t\t\t<div class=\"pxl-text-editor\">\n\t<div class=\"pxl-item--inner\" data-wow-delay=\"ms\">\n\t\t<p><strong>Unter Hinweis auf \u00a7 59 Absatz 2 BGB n. F.<\/strong><br \/>ASC-Amitie e.V.<\/p><p>z. H. Komlan Messa Agbeley<\/p><p>III. Stiege 16<\/p><p>45309 Essen<\/p><p>Deutschland<\/p><p>vertreten durch den Vorstandsvorsitzenden Yao Holonou, sowie Sourou Kossi Koffi.<\/p><p>Telefon: 0162 &#8211; 13 70 068<br \/>Telefax: 0176 &#8211; 70 05 79 23<br \/>E-Mail: info@asc-amite.de<\/p><p>eingetragen im Vereinsregister des Amtsgerichtes Essen<br \/>Vereinsregisternummer VR 5065<\/p><p><strong>Steuernummer<\/strong><br \/>111\/5785\/3519<\/p><p><strong>Spendenkonto<\/strong><br \/>IBAN: DE60 3605 0105 0000 2608 10<\/p><p>SWIFT-BIC: SPESDE3EXXX<\/p><p>Inhaltlich verantwortlicher nach \u00a755<\/p><p>II RStV:<\/p><p><strong>ASC-Amitie e.V.<\/strong><\/p><p>Trotz minutti\u00f6ser inhaltlicher \u00dcberpr\u00fcfung \u00fcbernehmen wir keine Haftung f\u00fcr die Inhalte externer Links.<\/p><p>F\u00fcr den Inhalt der verlinkten Seiten sind ausschlie\u00dflich deren Betreiber verantwortlich.<\/p>\t\t\n\t<\/div>\n<\/div>\t\t\t\t<\/div>\n\t\t\t\t<\/div>\n\t\t            <\/div>\r\n        <\/div>\r\n                <div class=\"elementor-column elementor-col-50 elementor-top-column elementor-element elementor-element-fafc233 pxl-column-none pxl-section-offset-none\" data-id=\"fafc233\" data-element_type=\"column\">\r\n        <div class=\"elementor-widget-wrap\">\r\n                     \r\n                    <\/div>\r\n        <\/div>\r\n        \t\t\t<\/div>\n\t\t<\/section>\n\t\t        <section class=\"elementor-section elementor-top-section elementor-element elementor-element-11eb41c elementor-section-stretched elementor-section-boxed elementor-section-height-default elementor-section-height-default pxl-row-scroll-none pxl-particle-background-none pxl-bg-color-none pxl-section-overlay-none pxl-column-overflow-hidden-no\" data-id=\"11eb41c\" data-element_type=\"section\" data-settings=\"{&quot;stretch_section&quot;:&quot;section-stretched&quot;}\">\n\n                \n                <div class=\"elementor-container elementor-column-gap-extended\">\n                <div class=\"elementor-column elementor-col-100 elementor-top-column elementor-element elementor-element-c0eff3e pxl-column-none pxl-section-offset-none\" data-id=\"c0eff3e\" data-element_type=\"column\">\r\n        <div class=\"elementor-widget-wrap elementor-element-populated\">\r\n                     \r\n        \t\t<div class=\"elementor-element elementor-element-1a3c2b9 elementor-widget elementor-widget-pxl_heading\" data-id=\"1a3c2b9\" data-element_type=\"widget\" data-widget_type=\"pxl_heading.default\">\n\t\t\t\t<div class=\"elementor-widget-container\">\n\t\t\t\t\t\n<div id=\"pxl-pxl_heading-1a3c2b9-5927\" class=\"pxl-heading px-sub-title-default-style\">\n\t<div class=\"pxl-heading--inner\">\n\t\t\t\t\t<div class=\"pxl-item--subtitle px-sub-title-default\" data-wow-delay=\"ms\">\n\t\t\t\t\t\t\t\t<span class=\"pxl-item--subtext\">\n\t\t\t\t\t\t\t\t\t\t\t\n\t\t\t\t\t\t\t\t\t\t\t\t\t\t\t\tAlternative Streitbeilegung:\t\t\t\t\t\t\t\t\t\t\t\n\t\t\t\t<\/span>\n\t\t\t<\/div>\n\t\t\n\t\t<h4 class=\"pxl-item--title divider-none\" data-wow-delay=\"ms\">\n\t\t\t\t\tDas Handelsregister ist jetzt auch bundesweit Online.\n\t\n\t\t\t\n\t\t<\/h4>\n\n\t<\/div>\n<\/div>\t\t\t\t<\/div>\n\t\t\t\t<\/div>\n\t\t\t\t<div class=\"elementor-element elementor-element-30ef136 elementor-widget elementor-widget-pxl_text_editor\" data-id=\"30ef136\" data-element_type=\"widget\" data-widget_type=\"pxl_text_editor.default\">\n\t\t\t\t<div class=\"elementor-widget-container\">\n\t\t\t\t\t<div class=\"pxl-text-editor\">\n\t<div class=\"pxl-item--inner\" data-wow-delay=\"ms\">\n\t\t<p>Eine enifache und kostensparende M\u00f6glichkeit, Informationen aus dem Handelsregister bundesweit abzurufen,<br \/>bietet das Gemeinsame Registerportal der L\u00e4nder.<br \/>N\u00e4here Informationen zur Registrierung und zum Abruf finden Sie unter<\/p><p><b class=\"mb-0\"><a href=\"https:\/\/www.handelsregister.de\/rp_web\/welcome.xhtml\" target=\"_blank\" rel=\"noopener\">www.handelsregister.de<\/a><\/b><\/p>\t\t\n\t<\/div>\n<\/div>\t\t\t\t<\/div>\n\t\t\t\t<\/div>\n\t\t            <\/div>\r\n        <\/div>\r\n        \t\t\t<\/div>\n\t\t<\/section>\n\t\t\t\t<\/div>","protected":false},"excerpt":{"rendered":"<p>Sport- und Kulturverein e.V. Gesetzliche Anbieterkennung: Unter Hinweis auf \u00a7 59 Absatz 2 BGB n. F. ASC-Amitie e.V. z. H. Komlan Messa Agbeley III. Stiege 16 45309 Essen Deutschland vertreten durch den Vorstandsvorsitzenden Yao Holonou, sowie Sourou Kossi Koffi. Telefon: 0162 \u2013 13 70 068 Telefax: 0176 \u2013 70 05 79 23 E-Mail: info@asc-amite.de eingetragen [&hellip;]<\/p>","protected":false},"author":1,"featured_media":0,"parent":0,"menu_order":0,"comment_status":"closed","ping_status":"closed","template":"elementor_theme","meta":{"footnotes":""},"class_list":["post-8962","page","type-page","status-publish","hentry"],"_links":{"self":[{"href":"https:\/\/asc-amitie.de\/fr\/wp-json\/wp\/v2\/pages\/8962","targetHints":{"allow":["GET"]}}],"collection":[{"href":"https:\/\/asc-amitie.de\/fr\/wp-json\/wp\/v2\/pages"}],"about":[{"href":"https:\/\/asc-amitie.de\/fr\/wp-json\/wp\/v2\/types\/page"}],"author":[{"embeddable":true,"href":"https:\/\/asc-amitie.de\/fr\/wp-json\/wp\/v2\/users\/1"}],"replies":[{"embeddable":true,"href":"https:\/\/asc-amitie.de\/fr\/wp-json\/wp\/v2\/comments?post=8962"}],"version-history":[{"count":7,"href":"https:\/\/asc-amitie.de\/fr\/wp-json\/wp\/v2\/pages\/8962\/revisions"}],"predecessor-version":[{"id":8970,"href":"https:\/\/asc-amitie.de\/fr\/wp-json\/wp\/v2\/pages\/8962\/revisions\/8970"}],"wp:attachment":[{"href":"https:\/\/asc-amitie.de\/fr\/wp-json\/wp\/v2\/media?parent=8962"}],"curies":[{"name":"wp","href":"https:\/\/api.w.org\/{rel}","templated":true}]}}