{"id":8975,"date":"2025-01-10T18:41:40","date_gmt":"2025-01-10T18:41:40","guid":{"rendered":"https:\/\/asc-amitie.de\/?page_id=8975"},"modified":"2025-01-10T18:44:38","modified_gmt":"2025-01-10T18:44:38","slug":"satzung","status":"publish","type":"page","link":"https:\/\/asc-amitie.de\/fr\/satzung\/","title":{"rendered":"Statuts"},"content":{"rendered":"<div data-elementor-type=\"wp-page\" data-elementor-id=\"8975\" class=\"elementor elementor-8975\" data-elementor-post-type=\"page\">\n\t\t\t\t        <section class=\"elementor-section elementor-top-section elementor-element elementor-element-16e9b8d elementor-section-stretched elementor-section-boxed elementor-section-height-default elementor-section-height-default pxl-row-scroll-none pxl-particle-background-none pxl-bg-color-none pxl-section-overlay-none pxl-column-overflow-hidden-no\" data-id=\"16e9b8d\" data-element_type=\"section\" data-settings=\"{&quot;stretch_section&quot;:&quot;section-stretched&quot;}\">\n\n                \n                <div class=\"elementor-container elementor-column-gap-extended\">\n                <div class=\"elementor-column elementor-col-100 elementor-top-column elementor-element elementor-element-9d91142 pxl-column-none pxl-section-offset-none\" data-id=\"9d91142\" data-element_type=\"column\">\r\n        <div class=\"elementor-widget-wrap elementor-element-populated\">\r\n                     \r\n                <section class=\"elementor-section elementor-inner-section elementor-element elementor-element-57d28a7 elementor-section-boxed elementor-section-height-default elementor-section-height-default pxl-row-scroll-none pxl-particle-background-none pxl-bg-color-none pxl-section-overlay-none pxl-column-overflow-hidden-no\" data-id=\"57d28a7\" data-element_type=\"section\">\n\n                \n                <div class=\"elementor-container elementor-column-gap-no\">\n                <div class=\"elementor-column elementor-col-50 elementor-inner-column elementor-element elementor-element-26cb553 pxl-column-none pxl-section-offset-none\" data-id=\"26cb553\" data-element_type=\"column\">\r\n        <div class=\"elementor-widget-wrap elementor-element-populated\">\r\n                     \r\n                            \t\t<div class=\"elementor-element elementor-element-06c1f3d elementor-widget elementor-widget-pxl_heading\" data-id=\"06c1f3d\" data-element_type=\"widget\" data-widget_type=\"pxl_heading.default\">\n\t\t\t\t<div class=\"elementor-widget-container\">\n\t\t\t\t\t\n<div id=\"pxl-pxl_heading-06c1f3d-6095\" class=\"pxl-heading px-sub-title-default-style\">\n\t<div class=\"pxl-heading--inner\">\n\t\t\t\t\t<div class=\"pxl-item--subtitle px-sub-title-default\" data-wow-delay=\"ms\">\n\t\t\t\t\t\t\t\t<span class=\"pxl-item--subtext\">\n\t\t\t\t\t\t\t\t\t\t\t\n\t\t\t\t\t\t\t\t\t\t\t\t\t\t\t\tStatuts\t\t\t\t\t\t\t\t\t\t\t\n\t\t\t\t<\/span>\n\t\t\t<\/div>\n\t\t\n\t\t<h2 class=\"pxl-item--title divider-none\" data-wow-delay=\"ms\">\n\t\t\t\t\tStatuts\t\n\t\t\t\n\t\t<\/h2>\n\n\t<\/div>\n<\/div>\t\t\t\t<\/div>\n\t\t\t\t<\/div>\n\t\t            <\/div>\r\n        <\/div>\r\n                <div class=\"elementor-column elementor-col-50 elementor-inner-column elementor-element elementor-element-52de8e4 pxl-column-none pxl-section-offset-none\" data-id=\"52de8e4\" data-element_type=\"column\">\r\n        <div class=\"elementor-widget-wrap elementor-element-populated\">\r\n                     \r\n        \t\t<div class=\"elementor-element elementor-element-e1483b4 elementor-widget elementor-widget-pxl_text_editor\" data-id=\"e1483b4\" data-element_type=\"widget\" data-widget_type=\"pxl_text_editor.default\">\n\t\t\t\t<div class=\"elementor-widget-container\">\n\t\t\t\t\t<div class=\"pxl-text-editor\">\n\t<div class=\"pxl-item--inner\" data-wow-delay=\"ms\">\n\t\t<p>Der \u201eASC-Amitie e.V.\u201c ist ein gemeinn\u00fctziger Verein in Essen. Seit der Gr\u00fcndung in 2010 ist er stetig gewachsen. Heute erreicht er eine Mitgliederzahl von \u00fcber ca. 40 davon 20 aktive Mitglieder<\/p>\t\t\n\t<\/div>\n<\/div>\t\t\t\t<\/div>\n\t\t\t\t<\/div>\n\t\t\t\t<div class=\"elementor-element elementor-element-b89faea elementor-widget elementor-widget-pxl_button\" data-id=\"b89faea\" data-element_type=\"widget\" data-widget_type=\"pxl_button.default\">\n\t\t\t\t<div class=\"elementor-widget-container\">\n\t\t\t\t\t<div id=\"pxl-pxl_button-b89faea-4130\" class=\"pxl-button pxl-atc-link\">\r\n            <a href=\"https:\/\/asc-amitie.de\/wp-content\/uploads\/2025\/01\/Satzung.pdf\" data-hover=\"Satzung Herunterladen\" class=\"btn pxl-icon-active btn-primary  pxl-icon--left\" data-wow-delay=\"ms\">\r\n            <span class=\"button-arrow-hover\">\r\n                <i aria-hidden=\"true\" class=\"fas fa-file-download\"><\/i><div><i aria-hidden=\"true\" class=\"fas fa-file-download\"><\/i><\/div>      <\/span>\r\n      <span class=\"pxl--btn-text pxl-wobble\" data-animation=\"pxl-jump\">\r\n        <span>or<\/span><span>g<\/span><span>t<\/span><span>m<\/span><span>a<\/span><span>e<\/span><span>laire<\/span><span>&nbsp;<\/span><span>r<\/span><span>l<\/span><span>e<\/span><span>a<\/span><span>e<\/span><span>t<\/span><span>l<\/span><span>e<\/span><span>r<\/span><span>g<\/span><span>f<\/span><span>l<\/span><span>e<\/span>    <\/span>\r\n     \r\n<\/a>\r\n<\/div>\t\t\t\t<\/div>\n\t\t\t\t<\/div>\n\t\t            <\/div>\r\n        <\/div>\r\n        \t\t\t<\/div>\n\t\t<\/section>\n\t\t            <\/div>\r\n        <\/div>\r\n        \t\t\t<\/div>\n\t\t<\/section>\n\t\t\t\t<\/div>","protected":false},"excerpt":{"rendered":"<p>Satzung Satzung Der \u201eASC-Amitie e.V.\u201c ist ein gemeinn\u00fctziger Verein in Essen. Seit der Gr\u00fcndung in 2010 ist er stetig gewachsen. Heute erreicht er eine Mitgliederzahl von \u00fcber ca. 40 davon 20 aktive Mitglieder Satzung&nbsp;Herunterladen<\/p>","protected":false},"author":1,"featured_media":0,"parent":0,"menu_order":0,"comment_status":"closed","ping_status":"closed","template":"","meta":{"footnotes":""},"class_list":["post-8975","page","type-page","status-publish","hentry"],"_links":{"self":[{"href":"https:\/\/asc-amitie.de\/fr\/wp-json\/wp\/v2\/pages\/8975","targetHints":{"allow":["GET"]}}],"collection":[{"href":"https:\/\/asc-amitie.de\/fr\/wp-json\/wp\/v2\/pages"}],"about":[{"href":"https:\/\/asc-amitie.de\/fr\/wp-json\/wp\/v2\/types\/page"}],"author":[{"embeddable":true,"href":"https:\/\/asc-amitie.de\/fr\/wp-json\/wp\/v2\/users\/1"}],"replies":[{"embeddable":true,"href":"https:\/\/asc-amitie.de\/fr\/wp-json\/wp\/v2\/comments?post=8975"}],"version-history":[{"count":4,"href":"https:\/\/asc-amitie.de\/fr\/wp-json\/wp\/v2\/pages\/8975\/revisions"}],"predecessor-version":[{"id":8981,"href":"https:\/\/asc-amitie.de\/fr\/wp-json\/wp\/v2\/pages\/8975\/revisions\/8981"}],"wp:attachment":[{"href":"https:\/\/asc-amitie.de\/fr\/wp-json\/wp\/v2\/media?parent=8975"}],"curies":[{"name":"wp","href":"https:\/\/api.w.org\/{rel}","templated":true}]}}